{"id":2769,"date":"2021-10-20T16:02:39","date_gmt":"2021-10-20T16:02:39","guid":{"rendered":"https:\/\/polapola.mx\/worldwide\/?post_type=product&#038;p=2769"},"modified":"2023-05-29T22:34:32","modified_gmt":"2023-05-29T22:34:32","slug":"backpack-bag-baby-carbon","status":"publish","type":"product","link":"https:\/\/polapola.mx\/worldwide\/backpack-bag-baby-carbon\/","title":{"rendered":"BACKPACK BAG BABY &#8211;  CARB\u00d3N"},"content":{"rendered":"<p>BACKPACK BAG BABY &#8211; NOPAL<\/p>\n<p>De material de piel vegana hecha a base de nopal de origen mexicano.<br \/>\nEn POL\u00c1 POL\u00c1 estamos en constante investigaci\u00f3n de nuevas tecnolog\u00edas para crear una marca slowfashion de bajo impacto ambiental.<br \/>\nForro textil estampado edici\u00f3n primera colecci\u00f3n.<\/p>\n","protected":false},"excerpt":{"rendered":"<p><span style=\"font-size: 1.125rem\">Todos nuestros productos son hechos a mano y estamos trabajando para tenerlos listos. Ordena hoy tu POL\u0100 POL\u0100 y rec\u00edbela de 3 a 5 d\u00edas h\u00e1biles.<\/span><\/p>\n<p>Basada en el ic\u00f3nico dise\u00f1o de bolsachila, este revolucionario accesorio permite tener 2 en 1.<br \/>\nCon su suave cintilla puedes realizar la conversi\u00f3n de forma sencilla y fluida para lucirla como una bolsa o como mochila, con sistema de ajuste para todo tipo de cuerpos.<\/p>\n<p><strong>La pigmentaci\u00f3n del color puede variar tanto por el monitor de cada dispositivo como por el proceso de entintado natural que maneja el proveedor del material.<\/strong><\/p>\n","protected":false},"featured_media":2773,"template":"","meta":[],"product_cat":[170,172],"product_tag":[],"class_list":["post-2769","product","type-product","status-publish","has-post-thumbnail","hentry","product_cat-leather-backpacks","product_cat-leather-bag"],"yoast_head":"<!-- This site is optimized with the Yoast SEO plugin v20.6 - https:\/\/yoast.com\/wordpress\/plugins\/seo\/ -->\n<title>BACKPACK BAG BABY - CARB\u00d3N - Pola Pola<\/title>\n<meta name=\"robots\" content=\"index, follow, max-snippet:-1, max-image-preview:large, max-video-preview:-1\" \/>\n<link rel=\"canonical\" href=\"https:\/\/polapola.mx\/worldwide\/backpack-bag-baby-carbon\/\" \/>\n<meta property=\"og:locale\" content=\"en_US\" \/>\n<meta property=\"og:type\" content=\"article\" \/>\n<meta property=\"og:title\" content=\"BACKPACK BAG BABY - CARB\u00d3N - Pola Pola\" \/>\n<meta property=\"og:description\" content=\"Todos nuestros productos son hechos a mano y estamos trabajando para tenerlos listos. Ordena hoy tu POL\u0100 POL\u0100 y rec\u00edbela de 3 a 5 d\u00edas h\u00e1biles.  Basada en el ic\u00f3nico dise\u00f1o de bolsachila, este revolucionario accesorio permite tener 2 en 1. Con su suave cintilla puedes realizar la conversi\u00f3n de forma sencilla y fluida para lucirla como una bolsa o como mochila, con sistema de ajuste para todo tipo de cuerpos.  La pigmentaci\u00f3n del color puede variar tanto por el monitor de cada dispositivo como por el proceso de entintado natural que maneja el proveedor del material.\" \/>\n<meta property=\"og:url\" content=\"https:\/\/polapola.mx\/worldwide\/backpack-bag-baby-carbon\/\" \/>\n<meta property=\"og:site_name\" content=\"Pola Pola\" \/>\n<meta property=\"article:publisher\" content=\"https:\/\/www.facebook.com\/polapola.mx\" \/>\n<meta property=\"article:modified_time\" content=\"2023-05-29T22:34:32+00:00\" \/>\n<meta property=\"og:image\" content=\"https:\/\/polapola.mx\/worldwide\/wp-content\/uploads\/2021\/10\/BABY-NEGRO-4-scaled.jpg\" \/>\n\t<meta property=\"og:image:width\" content=\"2560\" \/>\n\t<meta property=\"og:image:height\" content=\"2560\" \/>\n\t<meta property=\"og:image:type\" content=\"image\/jpeg\" \/>\n<meta name=\"twitter:card\" content=\"summary_large_image\" \/>\n<script type=\"application\/ld+json\" class=\"yoast-schema-graph\">{\"@context\":\"https:\/\/schema.org\",\"@graph\":[{\"@type\":\"WebPage\",\"@id\":\"https:\/\/polapola.mx\/worldwide\/backpack-bag-baby-carbon\/\",\"url\":\"https:\/\/polapola.mx\/worldwide\/backpack-bag-baby-carbon\/\",\"name\":\"BACKPACK BAG BABY - CARB\u00d3N - Pola Pola\",\"isPartOf\":{\"@id\":\"https:\/\/polapola.mx\/worldwide\/#website\"},\"datePublished\":\"2021-10-20T16:02:39+00:00\",\"dateModified\":\"2023-05-29T22:34:32+00:00\",\"breadcrumb\":{\"@id\":\"https:\/\/polapola.mx\/worldwide\/backpack-bag-baby-carbon\/#breadcrumb\"},\"inLanguage\":\"en-US\",\"potentialAction\":[{\"@type\":\"ReadAction\",\"target\":[\"https:\/\/polapola.mx\/worldwide\/backpack-bag-baby-carbon\/\"]}]},{\"@type\":\"BreadcrumbList\",\"@id\":\"https:\/\/polapola.mx\/worldwide\/backpack-bag-baby-carbon\/#breadcrumb\",\"itemListElement\":[{\"@type\":\"ListItem\",\"position\":1,\"name\":\"Portada\",\"item\":\"https:\/\/polapola.mx\/worldwide\/\"},{\"@type\":\"ListItem\",\"position\":2,\"name\":\"Shop\",\"item\":\"https:\/\/polapola.mx\/worldwide\/shop\/\"},{\"@type\":\"ListItem\",\"position\":3,\"name\":\"BACKPACK BAG BABY &#8211; CARB\u00d3N\"}]},{\"@type\":\"WebSite\",\"@id\":\"https:\/\/polapola.mx\/worldwide\/#website\",\"url\":\"https:\/\/polapola.mx\/worldwide\/\",\"name\":\"Pola Pola\",\"description\":\"Cacti Leather Accessories\",\"publisher\":{\"@id\":\"https:\/\/polapola.mx\/worldwide\/#organization\"},\"alternateName\":\"PP\",\"potentialAction\":[{\"@type\":\"SearchAction\",\"target\":{\"@type\":\"EntryPoint\",\"urlTemplate\":\"https:\/\/polapola.mx\/worldwide\/?s={search_term_string}\"},\"query-input\":\"required name=search_term_string\"}],\"inLanguage\":\"en-US\"},{\"@type\":\"Organization\",\"@id\":\"https:\/\/polapola.mx\/worldwide\/#organization\",\"name\":\"Pola Pola\",\"alternateName\":\"PP\",\"url\":\"https:\/\/polapola.mx\/worldwide\/\",\"logo\":{\"@type\":\"ImageObject\",\"inLanguage\":\"en-US\",\"@id\":\"https:\/\/polapola.mx\/worldwide\/#\/schema\/logo\/image\/\",\"url\":\"https:\/\/polapola.mx\/worldwide\/wp-content\/uploads\/2021\/08\/LOGO-POLAPOLA.png\",\"contentUrl\":\"https:\/\/polapola.mx\/worldwide\/wp-content\/uploads\/2021\/08\/LOGO-POLAPOLA.png\",\"width\":150,\"height\":40,\"caption\":\"Pola Pola\"},\"image\":{\"@id\":\"https:\/\/polapola.mx\/worldwide\/#\/schema\/logo\/image\/\"},\"sameAs\":[\"https:\/\/www.facebook.com\/polapola.mx\"]}]}<\/script>\n<!-- \/ Yoast SEO plugin. -->","yoast_head_json":{"title":"BACKPACK BAG BABY - CARB\u00d3N - Pola Pola","robots":{"index":"index","follow":"follow","max-snippet":"max-snippet:-1","max-image-preview":"max-image-preview:large","max-video-preview":"max-video-preview:-1"},"canonical":"https:\/\/polapola.mx\/worldwide\/backpack-bag-baby-carbon\/","og_locale":"en_US","og_type":"article","og_title":"BACKPACK BAG BABY - CARB\u00d3N - Pola Pola","og_description":"Todos nuestros productos son hechos a mano y estamos trabajando para tenerlos listos. Ordena hoy tu POL\u0100 POL\u0100 y rec\u00edbela de 3 a 5 d\u00edas h\u00e1biles.  Basada en el ic\u00f3nico dise\u00f1o de bolsachila, este revolucionario accesorio permite tener 2 en 1. Con su suave cintilla puedes realizar la conversi\u00f3n de forma sencilla y fluida para lucirla como una bolsa o como mochila, con sistema de ajuste para todo tipo de cuerpos.  La pigmentaci\u00f3n del color puede variar tanto por el monitor de cada dispositivo como por el proceso de entintado natural que maneja el proveedor del material.","og_url":"https:\/\/polapola.mx\/worldwide\/backpack-bag-baby-carbon\/","og_site_name":"Pola Pola","article_publisher":"https:\/\/www.facebook.com\/polapola.mx","article_modified_time":"2023-05-29T22:34:32+00:00","og_image":[{"width":2560,"height":2560,"url":"https:\/\/polapola.mx\/worldwide\/wp-content\/uploads\/2021\/10\/BABY-NEGRO-4-scaled.jpg","type":"image\/jpeg"}],"twitter_card":"summary_large_image","schema":{"@context":"https:\/\/schema.org","@graph":[{"@type":"WebPage","@id":"https:\/\/polapola.mx\/worldwide\/backpack-bag-baby-carbon\/","url":"https:\/\/polapola.mx\/worldwide\/backpack-bag-baby-carbon\/","name":"BACKPACK BAG BABY - CARB\u00d3N - Pola Pola","isPartOf":{"@id":"https:\/\/polapola.mx\/worldwide\/#website"},"datePublished":"2021-10-20T16:02:39+00:00","dateModified":"2023-05-29T22:34:32+00:00","breadcrumb":{"@id":"https:\/\/polapola.mx\/worldwide\/backpack-bag-baby-carbon\/#breadcrumb"},"inLanguage":"en-US","potentialAction":[{"@type":"ReadAction","target":["https:\/\/polapola.mx\/worldwide\/backpack-bag-baby-carbon\/"]}]},{"@type":"BreadcrumbList","@id":"https:\/\/polapola.mx\/worldwide\/backpack-bag-baby-carbon\/#breadcrumb","itemListElement":[{"@type":"ListItem","position":1,"name":"Portada","item":"https:\/\/polapola.mx\/worldwide\/"},{"@type":"ListItem","position":2,"name":"Shop","item":"https:\/\/polapola.mx\/worldwide\/shop\/"},{"@type":"ListItem","position":3,"name":"BACKPACK BAG BABY &#8211; CARB\u00d3N"}]},{"@type":"WebSite","@id":"https:\/\/polapola.mx\/worldwide\/#website","url":"https:\/\/polapola.mx\/worldwide\/","name":"Pola Pola","description":"Cacti Leather Accessories","publisher":{"@id":"https:\/\/polapola.mx\/worldwide\/#organization"},"alternateName":"PP","potentialAction":[{"@type":"SearchAction","target":{"@type":"EntryPoint","urlTemplate":"https:\/\/polapola.mx\/worldwide\/?s={search_term_string}"},"query-input":"required name=search_term_string"}],"inLanguage":"en-US"},{"@type":"Organization","@id":"https:\/\/polapola.mx\/worldwide\/#organization","name":"Pola Pola","alternateName":"PP","url":"https:\/\/polapola.mx\/worldwide\/","logo":{"@type":"ImageObject","inLanguage":"en-US","@id":"https:\/\/polapola.mx\/worldwide\/#\/schema\/logo\/image\/","url":"https:\/\/polapola.mx\/worldwide\/wp-content\/uploads\/2021\/08\/LOGO-POLAPOLA.png","contentUrl":"https:\/\/polapola.mx\/worldwide\/wp-content\/uploads\/2021\/08\/LOGO-POLAPOLA.png","width":150,"height":40,"caption":"Pola Pola"},"image":{"@id":"https:\/\/polapola.mx\/worldwide\/#\/schema\/logo\/image\/"},"sameAs":["https:\/\/www.facebook.com\/polapola.mx"]}]}},"_links":{"self":[{"href":"https:\/\/polapola.mx\/worldwide\/wp-json\/wp\/v3\/product\/2769","targetHints":{"allow":["GET"]}}],"collection":[{"href":"https:\/\/polapola.mx\/worldwide\/wp-json\/wp\/v3\/product"}],"about":[{"href":"https:\/\/polapola.mx\/worldwide\/wp-json\/wp\/v2\/types\/product"}],"wp:featuredmedia":[{"embeddable":true,"href":"https:\/\/polapola.mx\/worldwide\/wp-json\/wp\/v2\/media\/2773"}],"wp:attachment":[{"href":"https:\/\/polapola.mx\/worldwide\/wp-json\/wp\/v2\/media?parent=2769"}],"wp:term":[{"taxonomy":"product_cat","embeddable":true,"href":"https:\/\/polapola.mx\/worldwide\/wp-json\/wp\/v2\/product_cat?post=2769"},{"taxonomy":"product_tag","embeddable":true,"href":"https:\/\/polapola.mx\/worldwide\/wp-json\/wp\/v2\/product_tag?post=2769"}],"curies":[{"name":"wp","href":"https:\/\/api.w.org\/{rel}","templated":true}]}}